{"id":542,"date":"2023-11-20T15:48:09","date_gmt":"2023-11-20T14:48:09","guid":{"rendered":"https:\/\/2022.consilio.inbusinessclients.no\/?page_id=542"},"modified":"2024-05-13T15:26:10","modified_gmt":"2024-05-13T13:26:10","slug":"consilio-internasjonalt","status":"publish","type":"page","link":"https:\/\/consilio.no\/en\/consilio-internasjonalt\/","title":{"rendered":"Consilio Internationally"},"content":{"rendered":"[et_pb_section fb_built=&raquo;1&#8243; _builder_version=&raquo;4.17.4&#8243; _module_preset=&raquo;default&raquo; background_color=&raquo;#1d2228&#8243; custom_padding=&raquo;|||0px||&raquo; locked=&raquo;off&raquo; global_colors_info=&raquo;{}&raquo;][et_pb_row custom_padding_last_edited=&raquo;on|phone&raquo; _builder_version=&raquo;4.17.4&#8243; _module_preset=&raquo;default&raquo; width_tablet=&raquo;&raquo; width_phone=&raquo;87%&raquo; width_last_edited=&raquo;on|phone&raquo; max_width=&raquo;1200px&raquo; custom_margin=&raquo;100px||||false|false&raquo; custom_margin_tablet=&raquo;50px||||false|false&raquo; custom_margin_phone=&raquo;20px||||false|false&raquo; custom_margin_last_edited=&raquo;on|phone&raquo; custom_padding_tablet=&raquo;&raquo; custom_padding_phone=&raquo;||0px||false|false&raquo; locked=&raquo;off&raquo; global_colors_info=&raquo;{}&raquo;][et_pb_column type=&raquo;4_4&#8243; _builder_version=&raquo;4.17.4&#8243; _module_preset=&raquo;default&raquo; global_colors_info=&raquo;{}&raquo;][et_pb_text _builder_version=&raquo;4.17.4&#8243; _module_preset=&raquo;default&raquo; text_font=&raquo;|600||on|||||&raquo; text_font_size=&raquo;40px&raquo; text_line_height=&raquo;1.2em&raquo; header_font_size=&raquo;45px&raquo; text_font_size_tablet=&raquo;40px&raquo; text_font_size_phone=&raquo;35px&raquo; text_font_size_last_edited=&raquo;on|phone&raquo; header_font_size_tablet=&raquo;45px&raquo; header_font_size_phone=&raquo;32px&raquo; header_font_size_last_edited=&raquo;on|phone&raquo; global_colors_info=&raquo;{}&raquo;]<h1>Consilio Internationally<\/h1>[\/et_pb_text][\/et_pb_column][\/et_pb_row][et_pb_row _builder_version=&raquo;4.17.4&#8243; _module_preset=&raquo;default&raquo; background_image=&raquo;https:\/\/consilio.no\/wp-content\/uploads\/2024\/03\/Consilio-Internasjonalt-2.jpg&raquo; width=&raquo;100%&raquo; max_width=&raquo;5120px&raquo; min_height=&raquo;320px&raquo; custom_margin=&raquo;0px|auto||auto|false|false&raquo; custom_margin_tablet=&raquo;50px||||false|false&raquo; custom_margin_phone=&raquo;20px||||false|false&raquo; custom_margin_last_edited=&raquo;on|phone&raquo; global_colors_info=&raquo;{}&raquo;][et_pb_column type=&raquo;4_4&#8243; _builder_version=&raquo;4.17.4&#8243; _module_preset=&raquo;default&raquo; global_colors_info=&raquo;{}&raquo;][\/et_pb_column][\/et_pb_row][et_pb_row column_structure=&raquo;1_2,1_2&#8243; custom_padding_last_edited=&raquo;on|phone&raquo; _builder_version=&raquo;4.17.4&#8243; _module_preset=&raquo;default&raquo; width_tablet=&raquo;&raquo; width_phone=&raquo;87%&raquo; width_last_edited=&raquo;on|phone&raquo; max_width=&raquo;1200px&raquo; custom_margin=&raquo;40px||||false|false&raquo; custom_padding_tablet=&raquo;&raquo; custom_padding_phone=&raquo;0px||||false|false&raquo; global_colors_info=&raquo;{}&raquo;][et_pb_column type=&raquo;1_2&#8243; _builder_version=&raquo;4.17.4&#8243; _module_preset=&raquo;default&raquo; global_colors_info=&raquo;{}&raquo;][et_pb_text _builder_version=&raquo;4.17.4&#8243; _module_preset=&raquo;default&raquo; text_font=&raquo;||on||||||&raquo; text_font_size=&raquo;24px&raquo; text_line_height=&raquo;1.6em&raquo; text_font_tablet=&raquo;||on||||||&raquo; text_font_phone=&raquo;||on||||||&raquo; text_font_last_edited=&raquo;on|desktop&raquo; global_colors_info=&raquo;{}&raquo;]<p>Consilio simplifies access to international markets through IPREX.<\/p>[\/et_pb_text][\/et_pb_column][et_pb_column type=&raquo;1_2&#8243; _builder_version=&raquo;4.17.4&#8243; _module_preset=&raquo;default&raquo; global_colors_info=&raquo;{}&raquo;][et_pb_text _builder_version=&raquo;4.17.4&#8243; _module_preset=&raquo;default&raquo; text_font_size=&raquo;18px&raquo; text_line_height=&raquo;1.6em&raquo; hover_enabled=&raquo;0&#8243; text_font_size_tablet=&raquo;18px&raquo; text_font_size_phone=&raquo;17px&raquo; text_font_size_last_edited=&raquo;on|phone&raquo; global_colors_info=&raquo;{}&raquo; sticky_enabled=&raquo;0&#8243;]<p>We are part of <a href=\"https:\/\/www.iprex.com\/\" target=\"_blank\" rel=\"noopener\" title=\"IPREX\">IPREX<\/a>, one of the world's largest networks of PR and communications agencies with 120 partners globally. Thor Erling Lund from Consilio was the EMEA Director, responsible for agencies in Europe and the Middle East. This gives us deep personal and professional connections with other partners, enabling us to assist Norwegian companies with local expertise in PR, marketing, media, markets, government relations, import, and export.<\/p>[\/et_pb_text][\/et_pb_column][\/et_pb_row][et_pb_row column_structure=&raquo;1_2,1_2&#8243; _builder_version=&raquo;4.17.4&#8243; _module_preset=&raquo;default&raquo; width_tablet=&raquo;&raquo; width_phone=&raquo;87%&raquo; width_last_edited=&raquo;on|phone&raquo; max_width=&raquo;1200px&raquo; max_width_tablet=&raquo;1200px&raquo; max_width_phone=&raquo;1200px&raquo; max_width_last_edited=&raquo;on|phone&raquo; custom_margin=&raquo;40px||||false|false&raquo; custom_margin_tablet=&raquo;20px||||false|false&raquo; custom_margin_phone=&raquo;0px||||false|false&raquo; custom_margin_last_edited=&raquo;on|phone&raquo; global_colors_info=&raquo;{}&raquo;][et_pb_column type=&raquo;1_2&#8243; _builder_version=&raquo;4.17.4&#8243; _module_preset=&raquo;default&raquo; global_colors_info=&raquo;{}&raquo;][et_pb_image src=&raquo;https:\/\/consilio.no\/wp-content\/uploads\/2023\/11\/IPREX-header-graphic.jpg&raquo; title_text=&raquo;IPREX-header-graphic&raquo; url=&raquo;https:\/\/www.iprex.com&raquo; url_new_window=&raquo;on&raquo; _builder_version=&raquo;4.17.4&#8243; _module_preset=&raquo;default&raquo; custom_margin=&raquo;5px||20px||false|false&raquo; custom_margin_tablet=&raquo;5px||20px||false|false&raquo; custom_margin_phone=&raquo;5px||20px||false|false&raquo; custom_margin_last_edited=&raquo;on|desktop&raquo; global_colors_info=&raquo;{}&raquo;][\/et_pb_image][\/et_pb_column][et_pb_column type=&raquo;1_2&#8243; _builder_version=&raquo;4.17.4&#8243; _module_preset=&raquo;default&raquo; global_colors_info=&raquo;{}&raquo;][et_pb_text _builder_version=&raquo;4.17.4&#8243; _module_preset=&raquo;default&raquo; header_3_font_size=&raquo;35px&raquo; custom_margin_tablet=&raquo;&raquo; custom_margin_phone=&raquo;20px||||false|false&raquo; custom_margin_last_edited=&raquo;on|phone&raquo; header_3_font_size_tablet=&raquo;35px&raquo; header_3_font_size_phone=&raquo;26px&raquo; header_3_font_size_last_edited=&raquo;on|phone&raquo; global_colors_info=&raquo;{}&raquo;]<h3>IPREX<span style=\"color: #fb8122; font-weight: 500;\"> + Consilio<span><\/span><\/span><\/h3>[\/et_pb_text][et_pb_text _builder_version=&raquo;4.17.4&#8243; _module_preset=&raquo;default&raquo; text_font_size=&raquo;18px&raquo; text_line_height=&raquo;1.6em&raquo; width_tablet=&raquo;&raquo; width_phone=&raquo;&raquo; width_last_edited=&raquo;on|desktop&raquo; text_font_size_tablet=&raquo;18px&raquo; text_font_size_phone=&raquo;17px&raquo; text_font_size_last_edited=&raquo;on|phone&raquo; global_colors_info=&raquo;{}&raquo;]<p>The IPREX collaboration provides us with a continuous flow of new knowledge and professional development from people working in the same field. Our partners are independent agencies, owned by local entrepreneurs with specialized knowledge and contacts in their local markets, whether in Sweden, China, the USA, or Brazil. We meet with our IPREX partners' leaders several times a year and have experience working on projects involving many of them.<\/p>[\/et_pb_text][et_pb_button button_url=&raquo;https:\/\/www.iprex.com&raquo; url_new_window=&raquo;on&raquo; button_text=&raquo;Ta meg til IPREX.com&raquo; button_alignment=&raquo;center&raquo; _builder_version=&raquo;4.17.4&#8243; _module_preset=&raquo;default&raquo; custom_button=&raquo;on&raquo; button_border_radius=&raquo;64px&raquo; button_icon=&raquo;&#xf101;||fa||900&#8243; custom_margin=&raquo;60px||40px||false|false&raquo; button_text_size_tablet=&raquo;&raquo; button_text_size_phone=&raquo;17px&raquo; button_text_size_last_edited=&raquo;on|phone&raquo; locked=&raquo;off&raquo; global_colors_info=&raquo;{}&raquo;][\/et_pb_button][\/et_pb_column][\/et_pb_row][et_pb_row column_structure=&raquo;2_3,1_3&#8243; _builder_version=&raquo;4.17.4&#8243; _module_preset=&raquo;default&raquo; width_tablet=&raquo;&raquo; width_phone=&raquo;87%&raquo; width_last_edited=&raquo;on|phone&raquo; max_width=&raquo;1200px&raquo; max_width_tablet=&raquo;1200px&raquo; max_width_phone=&raquo;1200px&raquo; max_width_last_edited=&raquo;on|phone&raquo; custom_margin=&raquo;40px||||false|false&raquo; custom_margin_tablet=&raquo;20px||||false|false&raquo; custom_margin_phone=&raquo;0px||||false|false&raquo; custom_margin_last_edited=&raquo;on|phone&raquo; global_colors_info=&raquo;{}&raquo;][et_pb_column type=&raquo;2_3&#8243; _builder_version=&raquo;4.17.4&#8243; _module_preset=&raquo;default&raquo; global_colors_info=&raquo;{}&raquo;][et_pb_text _builder_version=&raquo;4.17.4&#8243; _module_preset=&raquo;default&raquo; header_3_font_size=&raquo;35px&raquo; custom_margin_tablet=&raquo;&raquo; custom_margin_phone=&raquo;20px||||false|false&raquo; custom_margin_last_edited=&raquo;on|phone&raquo; header_3_font_size_tablet=&raquo;35px&raquo; header_3_font_size_phone=&raquo;26px&raquo; header_3_font_size_last_edited=&raquo;on|phone&raquo; global_colors_info=&raquo;{}&raquo;]<h3>Thinking in<span style=\"color: #fb8122; font-weight: 500;\"> Nordic?<span><\/span><\/span><\/h3>[\/et_pb_text][et_pb_text _builder_version=&raquo;4.17.4&#8243; _module_preset=&raquo;default&raquo; text_font_size=&raquo;18px&raquo; text_line_height=&raquo;1.6em&raquo; width_tablet=&raquo;&raquo; width_phone=&raquo;&raquo; width_last_edited=&raquo;on|desktop&raquo; text_font_size_tablet=&raquo;18px&raquo; text_font_size_phone=&raquo;17px&raquo; text_font_size_last_edited=&raquo;on|phone&raquo; global_colors_info=&raquo;{}&raquo;]<p>Many businesses view the Nordic region as one single market. However, all communication should be adapted to the language, culture, and communication channels of each country. Consilio has close collaborations with our partners in Denmark, Sweden, and Finland over many years and has been the \"lead agency\" for several Nordic campaigns. <\/p>[\/et_pb_text][\/et_pb_column][et_pb_column type=&raquo;1_3&#8243; _builder_version=&raquo;4.17.4&#8243; _module_preset=&raquo;default&raquo; global_colors_info=&raquo;{}&raquo;][et_pb_image src=&raquo;https:\/\/consilio.no\/wp-content\/uploads\/2024\/03\/Tenke-Nordisk.jpg&raquo; title_text=&raquo;Tenke-Nordisk&raquo; url=&raquo;https:\/\/www.iprex.com&raquo; url_new_window=&raquo;on&raquo; _builder_version=&raquo;4.17.4&#8243; _module_preset=&raquo;default&raquo; custom_margin=&raquo;5px||20px||false|false&raquo; custom_margin_tablet=&raquo;5px||20px||false|false&raquo; custom_margin_phone=&raquo;5px||20px||false|false&raquo; custom_margin_last_edited=&raquo;on|desktop&raquo; global_colors_info=&raquo;{}&raquo;][\/et_pb_image][\/et_pb_column][\/et_pb_row][\/et_pb_section][et_pb_section fb_built=&raquo;1&#8243; custom_padding_last_edited=&raquo;on|phone&raquo; _builder_version=&raquo;4.17.4&#8243; _module_preset=&raquo;default&raquo; background_color=&raquo;#1d2228&#8243; custom_margin=&raquo;0px|0px|0px|0px|false|false&raquo; custom_margin_tablet=&raquo;||||false|false&raquo; custom_margin_phone=&raquo;0px|0px|0px|0px|false|false&raquo; custom_margin_last_edited=&raquo;on|phone&raquo; custom_padding=&raquo;0px|10px|60px|10px|false|false&raquo; custom_padding_tablet=&raquo;|10px|60px|10px|false|false&raquo; custom_padding_phone=&raquo;0px|0px|60px|0px|false|false&raquo; locked=&raquo;off&raquo; global_colors_info=&raquo;{}&raquo;][et_pb_row use_custom_gutter=&raquo;on&raquo; gutter_width=&raquo;1&#8243; make_equal=&raquo;on&raquo; module_class=&raquo;pa-inline-buttons&raquo; _builder_version=&raquo;4.17.4&#8243; _module_preset=&raquo;default&raquo; width=&raquo;100%&raquo; width_tablet=&raquo;&raquo; width_phone=&raquo;87%&raquo; width_last_edited=&raquo;on|desktop&raquo; max_width=&raquo;800px&raquo; module_alignment=&raquo;center&raquo; custom_margin=&raquo;0px|0px|0px|0px|false|false&raquo; custom_margin_tablet=&raquo;0px|0px|0px|0px|false|false&raquo; custom_margin_phone=&raquo;0px||||false|false&raquo; custom_margin_last_edited=&raquo;on|phone&raquo; custom_padding=&raquo;0px|0px|0px|0px|false|false&raquo; locked=&raquo;off&raquo; global_colors_info=&raquo;{}&raquo;][et_pb_column type=&raquo;4_4&#8243; _builder_version=&raquo;4.17.4&#8243; _module_preset=&raquo;default&raquo; global_colors_info=&raquo;{}&raquo;][et_pb_button button_url=&raquo;@ET-DC@eyJkeW5hbWljIjp0cnVlLCJjb250ZW50IjoicG9zdF9saW5rX3VybF9wYWdlIiwic2V0dGluZ3MiOnsicG9zdF9pZCI6IjQ2MCJ9fQ==@&raquo; button_text=&raquo;Strategisk kommunikasjon&raquo; button_alignment=&raquo;center&raquo; _builder_version=&raquo;4.17.4&#8243; _dynamic_attributes=&raquo;button_url&raquo; _module_preset=&raquo;default&raquo; custom_button=&raquo;on&raquo; button_border_radius=&raquo;64px&raquo; button_icon=&raquo;&#xf101;||fa||900&#8243; custom_margin=&raquo;10px|5px|10px|5px|false|false&raquo; custom_padding=&raquo;|15px||15px|false|false&raquo; button_text_size_tablet=&raquo;&raquo; button_text_size_phone=&raquo;17px&raquo; button_text_size_last_edited=&raquo;on|phone&raquo; global_colors_info=&raquo;{}&raquo;][\/et_pb_button][et_pb_button button_url=&raquo;@ET-DC@eyJkeW5hbWljIjp0cnVlLCJjb250ZW50IjoicG9zdF9saW5rX3VybF9wYWdlIiwic2V0dGluZ3MiOnsicG9zdF9pZCI6IjY1NCJ9fQ==@&raquo; button_text=&raquo;PR &#038; medierelasjoner&raquo; button_alignment=&raquo;center&raquo; _builder_version=&raquo;4.17.4&#8243; _dynamic_attributes=&raquo;button_url&raquo; _module_preset=&raquo;default&raquo; custom_button=&raquo;on&raquo; button_border_radius=&raquo;64px&raquo; button_icon=&raquo;&#xf101;||fa||900&#8243; custom_margin=&raquo;10px|5px|10px|5px|false|false&raquo; custom_padding=&raquo;|15px||15px|false|false&raquo; button_text_size_tablet=&raquo;&raquo; button_text_size_phone=&raquo;17px&raquo; button_text_size_last_edited=&raquo;on|phone&raquo; global_colors_info=&raquo;{}&raquo;][\/et_pb_button][et_pb_button button_url=&raquo;@ET-DC@eyJkeW5hbWljIjp0cnVlLCJjb250ZW50IjoicG9zdF9saW5rX3VybF9wYWdlIiwic2V0dGluZ3MiOnsicG9zdF9pZCI6Ijg5NSJ9fQ==@&raquo; button_text=&raquo;Filmproduksjon&raquo; button_alignment=&raquo;center&raquo; _builder_version=&raquo;4.17.4&#8243; _dynamic_attributes=&raquo;button_url&raquo; _module_preset=&raquo;default&raquo; custom_button=&raquo;on&raquo; button_border_radius=&raquo;64px&raquo; button_icon=&raquo;&#xf101;||fa||900&#8243; custom_margin=&raquo;10px|5px|10px|5px|false|false&raquo; custom_padding=&raquo;|15px||15px|false|false&raquo; button_text_size_tablet=&raquo;&raquo; button_text_size_phone=&raquo;17px&raquo; button_text_size_last_edited=&raquo;on|phone&raquo; global_colors_info=&raquo;{}&raquo;][\/et_pb_button][et_pb_button button_url=&raquo;@ET-DC@eyJkeW5hbWljIjp0cnVlLCJjb250ZW50IjoicG9zdF9saW5rX3VybF9wYWdlIiwic2V0dGluZ3MiOnsicG9zdF9pZCI6IjI2In19@&raquo; button_text=&raquo;Medietrening &#038; kurs&raquo; button_alignment=&raquo;center&raquo; _builder_version=&raquo;4.17.4&#8243; _dynamic_attributes=&raquo;button_url&raquo; _module_preset=&raquo;default&raquo; custom_button=&raquo;on&raquo; button_border_radius=&raquo;64px&raquo; button_icon=&raquo;&#xf101;||fa||900&#8243; custom_margin=&raquo;10px|5px|10px|5px|false|false&raquo; custom_padding=&raquo;|15px||15px|false|false&raquo; button_text_size_tablet=&raquo;&raquo; button_text_size_phone=&raquo;17px&raquo; button_text_size_last_edited=&raquo;on|phone&raquo; global_colors_info=&raquo;{}&raquo;][\/et_pb_button][et_pb_button button_url=&raquo;@ET-DC@eyJkeW5hbWljIjp0cnVlLCJjb250ZW50IjoicG9zdF9saW5rX3VybF9wYWdlIiwic2V0dGluZ3MiOnsicG9zdF9pZCI6Ijc0MSJ9fQ==@&raquo; button_text=&raquo;Digital kommunikasjon&raquo; button_alignment=&raquo;center&raquo; _builder_version=&raquo;4.17.4&#8243; _dynamic_attributes=&raquo;button_url&raquo; _module_preset=&raquo;default&raquo; custom_button=&raquo;on&raquo; button_border_radius=&raquo;64px&raquo; button_icon=&raquo;&#xf101;||fa||900&#8243; custom_margin=&raquo;10px|5px|10px|5px|false|false&raquo; custom_padding=&raquo;|15px||15px|false|false&raquo; button_text_size_tablet=&raquo;&raquo; button_text_size_phone=&raquo;17px&raquo; button_text_size_last_edited=&raquo;on|phone&raquo; global_colors_info=&raquo;{}&raquo;][\/et_pb_button][et_pb_button button_url=&raquo;@ET-DC@eyJkeW5hbWljIjp0cnVlLCJjb250ZW50IjoicG9zdF9saW5rX3VybF9wYWdlIiwic2V0dGluZ3MiOnsicG9zdF9pZCI6IjQ4NSJ9fQ==@&raquo; button_text=&raquo;Design &#038; tekst&raquo; button_alignment=&raquo;center&raquo; _builder_version=&raquo;4.17.4&#8243; _dynamic_attributes=&raquo;button_url&raquo; _module_preset=&raquo;default&raquo; custom_button=&raquo;on&raquo; button_border_radius=&raquo;64px&raquo; button_icon=&raquo;&#xf101;||fa||900&#8243; custom_margin=&raquo;10px|5px|10px|5px|false|false&raquo; custom_padding=&raquo;|15px||15px|false|false&raquo; hover_enabled=&raquo;0&#8243; button_text_size_tablet=&raquo;&raquo; button_text_size_phone=&raquo;17px&raquo; button_text_size_last_edited=&raquo;on|phone&raquo; global_colors_info=&raquo;{}&raquo; sticky_enabled=&raquo;0&#8243;][\/et_pb_button][\/et_pb_column][\/et_pb_row][\/et_pb_section]","protected":false},"excerpt":{"rendered":"<p>Consilio internasjonaltConsilio gir enklere tilgang til internasjonale markeder gjennom IPREX.Vi er en del av IPREX, et av verdens st\u00f8rste nettverk av PR- og kommunikasjonsbyr\u00e5er med 120 partnere verden rundt. Consilios Thor Erling Lund var tidligere EMEA Director med ansvaret for byr\u00e5ene i Europa og Midt\u00f8sten. Det gj\u00f8r at vi kjenner de andre partnerne sv\u00e6rt godt [&hellip;]<\/p>","protected":false},"author":4,"featured_media":0,"parent":0,"menu_order":0,"comment_status":"closed","ping_status":"closed","template":"","meta":{"_et_pb_use_builder":"on","_et_pb_old_content":"","_et_gb_content_width":"","footnotes":""},"class_list":["post-542","page","type-page","status-publish","hentry"],"yoast_head":"<!-- This site is optimized with the Yoast SEO plugin v22.6 - https:\/\/yoast.com\/wordpress\/plugins\/seo\/ -->\n<title>Consilio internasjonalt - Consilio<\/title>\n<meta name=\"description\" content=\"Consilio gir enklere tilgang til internasjonale markeder. Vi er en del av IPREX, et av verdens st\u00f8rste nettverk av PR- og kommunikasjonsbyr\u00e5er med 120 partnere verden rundt.\" \/>\n<meta name=\"robots\" content=\"index, follow, max-snippet:-1, max-image-preview:large, max-video-preview:-1\" \/>\n<link rel=\"canonical\" href=\"https:\/\/consilio.no\/en\/consilio-internasjonalt\/\" \/>\n<meta property=\"og:locale\" content=\"en_GB\" \/>\n<meta property=\"og:type\" content=\"article\" \/>\n<meta property=\"og:title\" content=\"Consilio internasjonalt - Consilio\" \/>\n<meta property=\"og:description\" content=\"Consilio gir enklere tilgang til internasjonale markeder. Vi er en del av IPREX, et av verdens st\u00f8rste nettverk av PR- og kommunikasjonsbyr\u00e5er med 120 partnere verden rundt.\" \/>\n<meta property=\"og:url\" content=\"https:\/\/consilio.no\/en\/consilio-internasjonalt\/\" \/>\n<meta property=\"og:site_name\" content=\"Consilio\" \/>\n<meta property=\"article:publisher\" content=\"https:\/\/www.facebook.com\/consiliokommunikasjon\" \/>\n<meta property=\"article:modified_time\" content=\"2024-05-13T13:26:10+00:00\" \/>\n<meta name=\"twitter:card\" content=\"summary_large_image\" \/>\n<meta name=\"twitter:label1\" content=\"Estimated reading time\" \/>\n\t<meta name=\"twitter:data1\" content=\"3 minutes\" \/>\n<script type=\"application\/ld+json\" class=\"yoast-schema-graph\">{\"@context\":\"https:\/\/schema.org\",\"@graph\":[{\"@type\":\"WebPage\",\"@id\":\"https:\/\/consilio.no\/consilio-internasjonalt\/\",\"url\":\"https:\/\/consilio.no\/consilio-internasjonalt\/\",\"name\":\"Consilio internasjonalt - Consilio\",\"isPartOf\":{\"@id\":\"https:\/\/consilio.no\/#website\"},\"datePublished\":\"2023-11-20T14:48:09+00:00\",\"dateModified\":\"2024-05-13T13:26:10+00:00\",\"description\":\"Consilio gir enklere tilgang til internasjonale markeder. Vi er en del av IPREX, et av verdens st\u00f8rste nettverk av PR- og kommunikasjonsbyr\u00e5er med 120 partnere verden rundt.\",\"breadcrumb\":{\"@id\":\"https:\/\/consilio.no\/consilio-internasjonalt\/#breadcrumb\"},\"inLanguage\":\"en-GB\",\"potentialAction\":[{\"@type\":\"ReadAction\",\"target\":[\"https:\/\/consilio.no\/consilio-internasjonalt\/\"]}]},{\"@type\":\"BreadcrumbList\",\"@id\":\"https:\/\/consilio.no\/consilio-internasjonalt\/#breadcrumb\",\"itemListElement\":[{\"@type\":\"ListItem\",\"position\":1,\"name\":\"Home\",\"item\":\"https:\/\/consilio.no\/\"},{\"@type\":\"ListItem\",\"position\":2,\"name\":\"Consilio internasjonalt\"}]},{\"@type\":\"WebSite\",\"@id\":\"https:\/\/consilio.no\/#website\",\"url\":\"https:\/\/consilio.no\/\",\"name\":\"Consilio Kommunikasjon\",\"description\":\"Vi kan kommunikasjon\",\"publisher\":{\"@id\":\"https:\/\/consilio.no\/#organization\"},\"potentialAction\":[{\"@type\":\"SearchAction\",\"target\":{\"@type\":\"EntryPoint\",\"urlTemplate\":\"https:\/\/consilio.no\/?s={search_term_string}\"},\"query-input\":\"required name=search_term_string\"}],\"inLanguage\":\"en-GB\"},{\"@type\":\"Organization\",\"@id\":\"https:\/\/consilio.no\/#organization\",\"name\":\"Consilio Kommunikasjon AS\",\"url\":\"https:\/\/consilio.no\/\",\"logo\":{\"@type\":\"ImageObject\",\"inLanguage\":\"en-GB\",\"@id\":\"https:\/\/consilio.no\/#\/schema\/logo\/image\/\",\"url\":\"https:\/\/consilio.no\/wp-content\/uploads\/2024\/05\/Consilio_logo.png\",\"contentUrl\":\"https:\/\/consilio.no\/wp-content\/uploads\/2024\/05\/Consilio_logo.png\",\"width\":712,\"height\":396,\"caption\":\"Consilio Kommunikasjon AS\"},\"image\":{\"@id\":\"https:\/\/consilio.no\/#\/schema\/logo\/image\/\"},\"sameAs\":[\"https:\/\/www.facebook.com\/consiliokommunikasjon\",\"https:\/\/www.linkedin.com\/company\/consilio-kommunikasjon\/\",\"https:\/\/vimeo.com\/consilio\"]}]}<\/script>\n<!-- \/ Yoast SEO plugin. -->","yoast_head_json":{"title":"Consilio internasjonalt - Consilio","description":"Consilio gir enklere tilgang til internasjonale markeder. Vi er en del av IPREX, et av verdens st\u00f8rste nettverk av PR- og kommunikasjonsbyr\u00e5er med 120 partnere verden rundt.","robots":{"index":"index","follow":"follow","max-snippet":"max-snippet:-1","max-image-preview":"max-image-preview:large","max-video-preview":"max-video-preview:-1"},"canonical":"https:\/\/consilio.no\/en\/consilio-internasjonalt\/","og_locale":"en_GB","og_type":"article","og_title":"Consilio internasjonalt - Consilio","og_description":"Consilio gir enklere tilgang til internasjonale markeder. Vi er en del av IPREX, et av verdens st\u00f8rste nettverk av PR- og kommunikasjonsbyr\u00e5er med 120 partnere verden rundt.","og_url":"https:\/\/consilio.no\/en\/consilio-internasjonalt\/","og_site_name":"Consilio","article_publisher":"https:\/\/www.facebook.com\/consiliokommunikasjon","article_modified_time":"2024-05-13T13:26:10+00:00","twitter_card":"summary_large_image","twitter_misc":{"Estimated reading time":"3 minutes"},"schema":{"@context":"https:\/\/schema.org","@graph":[{"@type":"WebPage","@id":"https:\/\/consilio.no\/consilio-internasjonalt\/","url":"https:\/\/consilio.no\/consilio-internasjonalt\/","name":"Consilio internasjonalt - Consilio","isPartOf":{"@id":"https:\/\/consilio.no\/#website"},"datePublished":"2023-11-20T14:48:09+00:00","dateModified":"2024-05-13T13:26:10+00:00","description":"Consilio gir enklere tilgang til internasjonale markeder. Vi er en del av IPREX, et av verdens st\u00f8rste nettverk av PR- og kommunikasjonsbyr\u00e5er med 120 partnere verden rundt.","breadcrumb":{"@id":"https:\/\/consilio.no\/consilio-internasjonalt\/#breadcrumb"},"inLanguage":"en-GB","potentialAction":[{"@type":"ReadAction","target":["https:\/\/consilio.no\/consilio-internasjonalt\/"]}]},{"@type":"BreadcrumbList","@id":"https:\/\/consilio.no\/consilio-internasjonalt\/#breadcrumb","itemListElement":[{"@type":"ListItem","position":1,"name":"Home","item":"https:\/\/consilio.no\/"},{"@type":"ListItem","position":2,"name":"Consilio internasjonalt"}]},{"@type":"WebSite","@id":"https:\/\/consilio.no\/#website","url":"https:\/\/consilio.no\/","name":"Consilio Kommunikasjon","description":"Vi kan kommunikasjon","publisher":{"@id":"https:\/\/consilio.no\/#organization"},"potentialAction":[{"@type":"SearchAction","target":{"@type":"EntryPoint","urlTemplate":"https:\/\/consilio.no\/?s={search_term_string}"},"query-input":"required name=search_term_string"}],"inLanguage":"en-GB"},{"@type":"Organization","@id":"https:\/\/consilio.no\/#organization","name":"Consilio Kommunikasjon AS","url":"https:\/\/consilio.no\/","logo":{"@type":"ImageObject","inLanguage":"en-GB","@id":"https:\/\/consilio.no\/#\/schema\/logo\/image\/","url":"https:\/\/consilio.no\/wp-content\/uploads\/2024\/05\/Consilio_logo.png","contentUrl":"https:\/\/consilio.no\/wp-content\/uploads\/2024\/05\/Consilio_logo.png","width":712,"height":396,"caption":"Consilio Kommunikasjon AS"},"image":{"@id":"https:\/\/consilio.no\/#\/schema\/logo\/image\/"},"sameAs":["https:\/\/www.facebook.com\/consiliokommunikasjon","https:\/\/www.linkedin.com\/company\/consilio-kommunikasjon\/","https:\/\/vimeo.com\/consilio"]}]}},"_links":{"self":[{"href":"https:\/\/consilio.no\/en\/wp-json\/wp\/v2\/pages\/542","targetHints":{"allow":["GET"]}}],"collection":[{"href":"https:\/\/consilio.no\/en\/wp-json\/wp\/v2\/pages"}],"about":[{"href":"https:\/\/consilio.no\/en\/wp-json\/wp\/v2\/types\/page"}],"author":[{"embeddable":true,"href":"https:\/\/consilio.no\/en\/wp-json\/wp\/v2\/users\/4"}],"replies":[{"embeddable":true,"href":"https:\/\/consilio.no\/en\/wp-json\/wp\/v2\/comments?post=542"}],"version-history":[{"count":19,"href":"https:\/\/consilio.no\/en\/wp-json\/wp\/v2\/pages\/542\/revisions"}],"predecessor-version":[{"id":1240,"href":"https:\/\/consilio.no\/en\/wp-json\/wp\/v2\/pages\/542\/revisions\/1240"}],"wp:attachment":[{"href":"https:\/\/consilio.no\/en\/wp-json\/wp\/v2\/media?parent=542"}],"curies":[{"name":"wp","href":"https:\/\/api.w.org\/{rel}","templated":true}]}}