{"id":485,"date":"2023-10-30T15:11:03","date_gmt":"2023-10-30T14:11:03","guid":{"rendered":"https:\/\/2022.consilio.inbusinessclients.no\/?page_id=485"},"modified":"2024-09-25T09:22:16","modified_gmt":"2024-09-25T07:22:16","slug":"design-tekst","status":"publish","type":"page","link":"https:\/\/consilio.no\/en\/design-tekst\/","title":{"rendered":"Design &amp; Text"},"content":{"rendered":"<p>[et_pb_section fb_built=&raquo;1&#8243; _builder_version=&raquo;4.17.4&#8243; _module_preset=&raquo;default&raquo; background_color=&raquo;#1d2228&#8243; custom_padding=&raquo;|||0px||&raquo; locked=&raquo;off&raquo; global_colors_info=&raquo;{}&raquo;][et_pb_row custom_padding_last_edited=&raquo;on|phone&raquo; _builder_version=&raquo;4.17.4&#8243; _module_preset=&raquo;default&raquo; width_tablet=&raquo;&raquo; width_phone=&raquo;87%&raquo; width_last_edited=&raquo;on|phone&raquo; max_width=&raquo;1200px&raquo; custom_margin=&raquo;100px||||false|false&raquo; custom_margin_tablet=&raquo;50px||||false|false&raquo; custom_margin_phone=&raquo;20px||||false|false&raquo; custom_margin_last_edited=&raquo;on|phone&raquo; custom_padding_tablet=&raquo;&raquo; custom_padding_phone=&raquo;||0px||false|false&raquo; global_colors_info=&raquo;{}&raquo;][et_pb_column type=&raquo;4_4&#8243; _builder_version=&raquo;4.17.4&#8243; _module_preset=&raquo;default&raquo; global_colors_info=&raquo;{}&raquo;][et_pb_text _builder_version=&raquo;4.17.4&#8243; _module_preset=&raquo;default&raquo; text_font=&raquo;|600||on|||||&raquo; text_font_size=&raquo;40px&raquo; text_line_height=&raquo;1.2em&raquo; header_font_size=&raquo;45px&raquo; text_font_size_tablet=&raquo;40px&raquo; text_font_size_phone=&raquo;35px&raquo; text_font_size_last_edited=&raquo;on|phone&raquo; header_font_size_tablet=&raquo;45px&raquo; header_font_size_phone=&raquo;32px&raquo; header_font_size_last_edited=&raquo;on|phone&raquo; global_colors_info=&raquo;{}&raquo;]<\/p>\n<h1>Design &amp; Text<\/h1>\n<p>[\/et_pb_text][\/et_pb_column][\/et_pb_row][et_pb_row _builder_version=&raquo;4.17.4&#8243; _module_preset=&raquo;default&raquo; background_image=&raquo;https:\/\/consilio.no\/wp-content\/uploads\/2023\/11\/Design-tools-1440.jpg&raquo; parallax=&raquo;on&raquo; width=&raquo;100%&raquo; max_width=&raquo;5120px&raquo; min_height=&raquo;320px&raquo; custom_margin=&raquo;0px|auto||auto|false|false&raquo; custom_margin_tablet=&raquo;50px||||false|false&raquo; custom_margin_phone=&raquo;20px||||false|false&raquo; custom_margin_last_edited=&raquo;on|phone&raquo; global_colors_info=&raquo;{}&raquo;][et_pb_column type=&raquo;4_4&#8243; _builder_version=&raquo;4.17.4&#8243; _module_preset=&raquo;default&raquo; global_colors_info=&raquo;{}&raquo;][\/et_pb_column][\/et_pb_row][et_pb_row column_structure=&raquo;1_2,1_2&#8243; custom_padding_last_edited=&raquo;on|phone&raquo; _builder_version=&raquo;4.17.4&#8243; _module_preset=&raquo;default&raquo; width_tablet=&raquo;&raquo; width_phone=&raquo;87%&raquo; width_last_edited=&raquo;on|phone&raquo; max_width=&raquo;1200px&raquo; custom_margin=&raquo;40px||||false|false&raquo; custom_margin_tablet=&raquo;40px||||false|false&raquo; custom_margin_phone=&raquo;40px||||false|false&raquo; custom_margin_last_edited=&raquo;on|phone&raquo; custom_padding_tablet=&raquo;&raquo; custom_padding_phone=&raquo;0px||||false|false&raquo; global_colors_info=&raquo;{}&raquo;][et_pb_column type=&raquo;1_2&#8243; _builder_version=&raquo;4.17.4&#8243; _module_preset=&raquo;default&raquo; global_colors_info=&raquo;{}&raquo;][et_pb_text _builder_version=&raquo;4.17.4&#8243; _module_preset=&raquo;default&raquo; text_font=&raquo;||on||||||&raquo; text_font_size=&raquo;24px&raquo; text_line_height=&raquo;1.6em&raquo; text_font_tablet=&raquo;||on||||||&raquo; text_font_phone=&raquo;||on||||||&raquo; text_font_last_edited=&raquo;on|desktop&raquo; text_font_size_tablet=&raquo;24px&raquo; text_font_size_phone=&raquo;22px&raquo; text_font_size_last_edited=&raquo;on|phone&raquo; global_colors_info=&raquo;{}&raquo;]<\/p>\n<p>Have you ever seen someone give a speech with a wine stain on their shirt and a crooked tie, or perhaps dozed off during a lecture?<\/p>\n<p>[\/et_pb_text][\/et_pb_column][et_pb_column type=&raquo;1_2&#8243; _builder_version=&raquo;4.17.4&#8243; _module_preset=&raquo;default&raquo; global_colors_info=&raquo;{}&raquo;][et_pb_text _builder_version=&raquo;4.17.4&#8243; _module_preset=&raquo;default&raquo; text_font_size=&raquo;18px&raquo; text_line_height=&raquo;1.6em&raquo; text_font_size_tablet=&raquo;18px&raquo; text_font_size_phone=&raquo;17px&raquo; text_font_size_last_edited=&raquo;on|phone&raquo; global_colors_info=&raquo;{}&raquo;]<\/p>\n<p>Then you know that tone of voice and visual presentation are just as important as the message itself. Effective strategic communication depends on design and text being crafted to make your message appear credible and coherent to your audience. When done well this will support, and even strenghten, your brand.<\/p>\n<p>[\/et_pb_text][\/et_pb_column][\/et_pb_row][et_pb_row column_structure=&raquo;1_2,1_2&#8243; make_equal=&raquo;on&raquo; custom_padding_last_edited=&raquo;on|phone&raquo; _builder_version=&raquo;4.17.4&#8243; _module_preset=&raquo;default&raquo; width_tablet=&raquo;&raquo; width_phone=&raquo;87%&raquo; width_last_edited=&raquo;on|phone&raquo; max_width=&raquo;1200px&raquo; custom_margin=&raquo;40px||||false|false&raquo; custom_margin_tablet=&raquo;40px||||false|false&raquo; custom_margin_phone=&raquo;40px||||false|false&raquo; custom_margin_last_edited=&raquo;on|phone&raquo; custom_padding=&raquo;||||false|false&raquo; custom_padding_tablet=&raquo;||||false|false&raquo; custom_padding_phone=&raquo;0px||0px||false|false&raquo; locked=&raquo;off&raquo; global_colors_info=&raquo;{}&raquo;][et_pb_column type=&raquo;1_2&#8243; _builder_version=&raquo;4.17.4&#8243; _module_preset=&raquo;default&raquo; global_colors_info=&raquo;{}&raquo;][et_pb_text _builder_version=&raquo;4.17.4&#8243; _module_preset=&raquo;default&raquo; header_3_font_size=&raquo;35px&raquo; header_3_font_size_tablet=&raquo;35px&raquo; header_3_font_size_phone=&raquo;26px&raquo; header_3_font_size_last_edited=&raquo;on|phone&raquo; global_colors_info=&raquo;{}&raquo;]<\/p>\n<h3>Graphic<span style=\"color: #fb8122; font-weight: 500;\"> Design<span><\/span><\/span><\/h3>\n<p>[\/et_pb_text][et_pb_text _builder_version=&raquo;4.17.4&#8243; _module_preset=&raquo;default&raquo; text_text_color=&raquo;#FFFFFF&raquo; text_font_size=&raquo;18px&raquo; text_line_height=&raquo;1.6em&raquo; link_font=&raquo;|600|||||||&raquo; link_text_color=&raquo;#fb8122&#8243; text_font_size_tablet=&raquo;18px&raquo; text_font_size_phone=&raquo;17px&raquo; text_font_size_last_edited=&raquo;on|tablet&raquo; locked=&raquo;off&raquo; global_colors_info=&raquo;{}&raquo;]<\/p>\n<p>A company\u2019s visual profile should create identity and make it stand from the crowd. Consilio\u2019s graphic designers provide companies and products unique visual identities that ensure a strong recognition in the market.<\/p>\n<p><span class=\"break-words\"><span dir=\"ltr\"><\/span><\/span><\/p>\n<ul>\n<li>Corporate and product identity design<\/li>\n<li>Logos and style guides<\/li>\n<li>Sales-triggering design and advertising<\/li>\n<li>UX design and websites<\/li>\n<li>Visual design for digital communication<\/li>\n<li>Graphics and collateral for trade shows<\/li>\n<li>Motion graphics in 2D and 3D<\/li>\n<li>Annual reports and magazines<\/li>\n<li>Presentations<\/li>\n<\/ul>\n<p>[\/et_pb_text][\/et_pb_column][et_pb_column type=&raquo;1_2&#8243; _builder_version=&raquo;4.17.4&#8243; _module_preset=&raquo;default&raquo; background_image=&raquo;https:\/\/consilio.no\/wp-content\/uploads\/2023\/11\/Stemning-W21A8452.jpg&raquo; background_position=&raquo;bottom_right&raquo; custom_padding=&raquo;50px|0px|50px|0px|false|false&raquo; custom_padding_tablet=&raquo;120px|0px|120px|0px|false|false&raquo; custom_padding_phone=&raquo;120px||120px||false|false&raquo; custom_padding_last_edited=&raquo;on|phone&raquo; border_radii=&raquo;off||250px|250px|&raquo; global_colors_info=&raquo;{}&raquo;][\/et_pb_column][\/et_pb_row][et_pb_row column_structure=&raquo;1_2,1_2&#8243; make_equal=&raquo;on&raquo; custom_padding_last_edited=&raquo;on|phone&raquo; _builder_version=&raquo;4.17.4&#8243; _module_preset=&raquo;default&raquo; width_tablet=&raquo;&raquo; width_phone=&raquo;87%&raquo; width_last_edited=&raquo;on|phone&raquo; max_width=&raquo;1200px&raquo; custom_margin=&raquo;40px||||false|false&raquo; custom_padding_tablet=&raquo;&raquo; custom_padding_phone=&raquo;0px||0px||false|false&raquo; locked=&raquo;off&raquo; global_colors_info=&raquo;{}&raquo;][et_pb_column type=&raquo;1_2&#8243; _builder_version=&raquo;4.17.4&#8243; _module_preset=&raquo;default&raquo; background_image=&raquo;https:\/\/consilio.no\/wp-content\/uploads\/2023\/11\/Tekst.jpg&raquo; custom_padding=&raquo;50px|0px|50px|0px|false|false&raquo; custom_padding_tablet=&raquo;120px|0px|120px|0px|false|false&raquo; custom_padding_phone=&raquo;120px|0px|120px|0px|false|false&raquo; custom_padding_last_edited=&raquo;on|phone&raquo; border_radii=&raquo;off|250px|||250px&raquo; global_colors_info=&raquo;{}&raquo;][\/et_pb_column][et_pb_column type=&raquo;1_2&#8243; _builder_version=&raquo;4.17.4&#8243; _module_preset=&raquo;default&raquo; global_colors_info=&raquo;{}&raquo;][et_pb_text _builder_version=&raquo;4.17.4&#8243; _module_preset=&raquo;default&raquo; header_3_font_size=&raquo;35px&raquo; custom_margin_tablet=&raquo;60px||||false|false&raquo; custom_margin_phone=&raquo;60px||||false|false&raquo; custom_margin_last_edited=&raquo;on|phone&raquo; custom_padding=&raquo;0px|||||&raquo; custom_padding_tablet=&raquo;0px|||||&raquo; custom_padding_phone=&raquo;0px|||||&raquo; custom_padding_last_edited=&raquo;on|phone&raquo; header_3_font_size_tablet=&raquo;35px&raquo; header_3_font_size_phone=&raquo;26px&raquo; header_3_font_size_last_edited=&raquo;on|phone&raquo; global_colors_info=&raquo;{}&raquo;]<\/p>\n<h3 class=\" translation-block\">Text<span style=\"color: #fb8122;font-weight: 500\"> Production<span><\/span><\/span><\/h3>\n<p>[\/et_pb_text][et_pb_text _builder_version=&raquo;4.17.4&#8243; _module_preset=&raquo;default&raquo; text_font_size=&raquo;18px&raquo; text_line_height=&raquo;1.6em&raquo; text_font_size_tablet=&raquo;18px&raquo; text_font_size_phone=&raquo;17px&raquo; text_font_size_last_edited=&raquo;on|phone&raquo; global_colors_info=&raquo;{}&raquo;]<\/p>\n<p>At Consilio, you'll find copywriters with backgrounds in both advertising and journalism. We write all types of texts, from slogans to press releases, tailored to the audience and channel \u2013 in Norwegian or English. We excel at making complex messages accessible to the general public. Particularly in regards to topics about <a href=\"https:\/\/consilio.no\/en\/hvem-er-consilio\/#helsekommunikasjon\">health and pharmaceuticals<\/a> or technology.<\/p>\n<p><span class=\"break-words\"><span dir=\"ltr\"><\/span><\/span><\/p>\n<ul>\n<li>Advertising copy<\/li>\n<li>Journalism<\/li>\n<li>Press releases<\/li>\n<li>Media pitches<\/li>\n<li>Content production<\/li>\n<li>English texts<\/li>\n<\/ul>\n<p>[\/et_pb_text][\/et_pb_column][\/et_pb_row][\/et_pb_section][et_pb_section fb_built=&raquo;1&#8243; custom_padding_last_edited=&raquo;on|phone&raquo; _builder_version=&raquo;4.17.4&#8243; _module_preset=&raquo;default&raquo; background_color=&raquo;#1d2228&#8243; custom_margin=&raquo;0px|0px|0px|0px|false|false&raquo; custom_margin_tablet=&raquo;||||false|false&raquo; custom_margin_phone=&raquo;0px|0px|0px|0px|false|false&raquo; custom_margin_last_edited=&raquo;on|phone&raquo; custom_padding=&raquo;0px|10px|60px|10px|false|false&raquo; custom_padding_tablet=&raquo;|10px|60px|10px|false|false&raquo; custom_padding_phone=&raquo;0px|0px|60px|0px|false|false&raquo; locked=&raquo;off&raquo; global_colors_info=&raquo;{}&raquo;][et_pb_row use_custom_gutter=&raquo;on&raquo; gutter_width=&raquo;1&#8243; make_equal=&raquo;on&raquo; module_class=&raquo;pa-inline-buttons&raquo; _builder_version=&raquo;4.17.4&#8243; _module_preset=&raquo;default&raquo; width=&raquo;100%&raquo; width_tablet=&raquo;&raquo; width_phone=&raquo;87%&raquo; width_last_edited=&raquo;on|desktop&raquo; max_width=&raquo;800px&raquo; module_alignment=&raquo;center&raquo; custom_margin=&raquo;0px|0px|0px|0px|false|false&raquo; custom_margin_tablet=&raquo;0px|0px|0px|0px|false|false&raquo; custom_margin_phone=&raquo;0px||||false|false&raquo; custom_margin_last_edited=&raquo;on|phone&raquo; custom_padding=&raquo;0px|0px|0px|0px|false|false&raquo; locked=&raquo;off&raquo; global_colors_info=&raquo;{}&raquo;][et_pb_column type=&raquo;4_4&#8243; _builder_version=&raquo;4.17.4&#8243; _module_preset=&raquo;default&raquo; global_colors_info=&raquo;{}&raquo;][et_pb_button button_url=&raquo;@ET-DC@eyJkeW5hbWljIjp0cnVlLCJjb250ZW50IjoicG9zdF9saW5rX3VybF9wYWdlIiwic2V0dGluZ3MiOnsicG9zdF9pZCI6IjQ2MCJ9fQ==@&raquo; button_text=&raquo;Strategisk kommunikasjon&raquo; button_alignment=&raquo;center&raquo; _builder_version=&raquo;4.17.4&#8243; _dynamic_attributes=&raquo;button_url&raquo; _module_preset=&raquo;default&raquo; custom_button=&raquo;on&raquo; button_border_radius=&raquo;64px&raquo; button_icon=&raquo;&#xf101;||fa||900&#8243; custom_margin=&raquo;10px|5px|10px|5px|false|false&raquo; custom_padding=&raquo;|15px||15px|false|false&raquo; button_text_size_tablet=&raquo;&raquo; button_text_size_phone=&raquo;17px&raquo; button_text_size_last_edited=&raquo;on|phone&raquo; global_colors_info=&raquo;{}&raquo;][\/et_pb_button][et_pb_button button_url=&raquo;@ET-DC@eyJkeW5hbWljIjp0cnVlLCJjb250ZW50IjoicG9zdF9saW5rX3VybF9wYWdlIiwic2V0dGluZ3MiOnsicG9zdF9pZCI6IjY1NCJ9fQ==@&raquo; button_text=&raquo;PR &#038; medierelasjoner&raquo; button_alignment=&raquo;center&raquo; _builder_version=&raquo;4.17.4&#8243; _dynamic_attributes=&raquo;button_url&raquo; _module_preset=&raquo;default&raquo; custom_button=&raquo;on&raquo; button_border_radius=&raquo;64px&raquo; button_icon=&raquo;&#xf101;||fa||900&#8243; custom_margin=&raquo;10px|5px|10px|5px|false|false&raquo; custom_padding=&raquo;|15px||15px|false|false&raquo; button_text_size_tablet=&raquo;&raquo; button_text_size_phone=&raquo;17px&raquo; button_text_size_last_edited=&raquo;on|phone&raquo; global_colors_info=&raquo;{}&raquo;][\/et_pb_button][et_pb_button button_url=&raquo;@ET-DC@eyJkeW5hbWljIjp0cnVlLCJjb250ZW50IjoicG9zdF9saW5rX3VybF9wYWdlIiwic2V0dGluZ3MiOnsicG9zdF9pZCI6Ijg5NSJ9fQ==@&raquo; button_text=&raquo;Filmproduksjon&raquo; button_alignment=&raquo;center&raquo; _builder_version=&raquo;4.17.4&#8243; _dynamic_attributes=&raquo;button_url&raquo; _module_preset=&raquo;default&raquo; custom_button=&raquo;on&raquo; button_border_radius=&raquo;64px&raquo; button_icon=&raquo;&#xf101;||fa||900&#8243; custom_margin=&raquo;10px|5px|10px|5px|false|false&raquo; custom_padding=&raquo;|15px||15px|false|false&raquo; button_text_size_tablet=&raquo;&raquo; button_text_size_phone=&raquo;17px&raquo; button_text_size_last_edited=&raquo;on|phone&raquo; global_colors_info=&raquo;{}&raquo;][\/et_pb_button][et_pb_button button_url=&raquo;@ET-DC@eyJkeW5hbWljIjp0cnVlLCJjb250ZW50IjoicG9zdF9saW5rX3VybF9wYWdlIiwic2V0dGluZ3MiOnsicG9zdF9pZCI6IjI2In19@&raquo; button_text=&raquo;Medietrening &#038; kurs&raquo; button_alignment=&raquo;center&raquo; _builder_version=&raquo;4.17.4&#8243; _dynamic_attributes=&raquo;button_url&raquo; _module_preset=&raquo;default&raquo; custom_button=&raquo;on&raquo; button_border_radius=&raquo;64px&raquo; button_icon=&raquo;&#xf101;||fa||900&#8243; custom_margin=&raquo;10px|5px|10px|5px|false|false&raquo; custom_padding=&raquo;|15px||15px|false|false&raquo; button_text_size_tablet=&raquo;&raquo; button_text_size_phone=&raquo;17px&raquo; button_text_size_last_edited=&raquo;on|phone&raquo; global_colors_info=&raquo;{}&raquo;][\/et_pb_button][et_pb_button button_url=&raquo;@ET-DC@eyJkeW5hbWljIjp0cnVlLCJjb250ZW50IjoicG9zdF9saW5rX3VybF9wYWdlIiwic2V0dGluZ3MiOnsicG9zdF9pZCI6Ijc0MSJ9fQ==@&raquo; button_text=&raquo;Digital kommunikasjon&raquo; button_alignment=&raquo;center&raquo; _builder_version=&raquo;4.17.4&#8243; _dynamic_attributes=&raquo;button_url&raquo; _module_preset=&raquo;default&raquo; custom_button=&raquo;on&raquo; button_border_radius=&raquo;64px&raquo; button_icon=&raquo;&#xf101;||fa||900&#8243; custom_margin=&raquo;10px|5px|10px|5px|false|false&raquo; custom_padding=&raquo;|15px||15px|false|false&raquo; button_text_size_tablet=&raquo;&raquo; button_text_size_phone=&raquo;17px&raquo; button_text_size_last_edited=&raquo;on|phone&raquo; global_colors_info=&raquo;{}&raquo;][\/et_pb_button][\/et_pb_column][\/et_pb_row][\/et_pb_section]<\/p>","protected":false},"excerpt":{"rendered":"<p>Design &#038; tekstHar du sett noen holde tale med r\u00f8dvinsflekk p\u00e5 skjorten og slipset p\u00e5 halv tolv, eller kanskje du har sovnet under en forelesning?Da vet du at tone of voice og visuell fremtoning er minst like viktig som informasjonen du \u00f8nsker \u00e5 f\u00e5 frem. Effektiv, strategisk kommunikasjon er avhengig av at design og tekst [&hellip;]<\/p>","protected":false},"author":4,"featured_media":0,"parent":0,"menu_order":0,"comment_status":"closed","ping_status":"closed","template":"","meta":{"_et_pb_use_builder":"on","_et_pb_old_content":"","_et_gb_content_width":"","footnotes":""},"class_list":["post-485","page","type-page","status-publish","hentry"],"yoast_head":"<!-- This site is optimized with the Yoast SEO plugin v22.6 - https:\/\/yoast.com\/wordpress\/plugins\/seo\/ -->\n<title>Design &amp; tekst - Consilio<\/title>\n<meta name=\"description\" content=\"Tone of voice og visuell fremtoning er minst like viktig som informasjonen du \u00f8nsker \u00e5 f\u00e5 frem. Effektiv, strategisk kommunikasjon er avhengig av at design og tekst er utformet slik at budskapet fremst\u00e5r troverdig og helhetlig for mottakeren og dermed st\u00f8tter opp om merkevaren din.\" \/>\n<meta name=\"robots\" content=\"index, follow, max-snippet:-1, max-image-preview:large, max-video-preview:-1\" \/>\n<link rel=\"canonical\" href=\"https:\/\/consilio.no\/en\/design-tekst\/\" \/>\n<meta property=\"og:locale\" content=\"en_GB\" \/>\n<meta property=\"og:type\" content=\"article\" \/>\n<meta property=\"og:title\" content=\"Design &amp; tekst - Consilio\" \/>\n<meta property=\"og:description\" content=\"Tone of voice og visuell fremtoning er minst like viktig som informasjonen du \u00f8nsker \u00e5 f\u00e5 frem. Effektiv, strategisk kommunikasjon er avhengig av at design og tekst er utformet slik at budskapet fremst\u00e5r troverdig og helhetlig for mottakeren og dermed st\u00f8tter opp om merkevaren din.\" \/>\n<meta property=\"og:url\" content=\"https:\/\/consilio.no\/en\/design-tekst\/\" \/>\n<meta property=\"og:site_name\" content=\"Consilio\" \/>\n<meta property=\"article:publisher\" content=\"https:\/\/www.facebook.com\/consiliokommunikasjon\" \/>\n<meta property=\"article:modified_time\" content=\"2024-09-25T07:22:16+00:00\" \/>\n<meta name=\"twitter:card\" content=\"summary_large_image\" \/>\n<meta name=\"twitter:label1\" content=\"Estimated reading time\" \/>\n\t<meta name=\"twitter:data1\" content=\"3 minutes\" \/>\n<script type=\"application\/ld+json\" class=\"yoast-schema-graph\">{\"@context\":\"https:\/\/schema.org\",\"@graph\":[{\"@type\":\"WebPage\",\"@id\":\"https:\/\/consilio.no\/design-tekst\/\",\"url\":\"https:\/\/consilio.no\/design-tekst\/\",\"name\":\"Design & tekst - Consilio\",\"isPartOf\":{\"@id\":\"https:\/\/consilio.no\/#website\"},\"datePublished\":\"2023-10-30T14:11:03+00:00\",\"dateModified\":\"2024-09-25T07:22:16+00:00\",\"description\":\"Tone of voice og visuell fremtoning er minst like viktig som informasjonen du \u00f8nsker \u00e5 f\u00e5 frem. Effektiv, strategisk kommunikasjon er avhengig av at design og tekst er utformet slik at budskapet fremst\u00e5r troverdig og helhetlig for mottakeren og dermed st\u00f8tter opp om merkevaren din.\",\"breadcrumb\":{\"@id\":\"https:\/\/consilio.no\/design-tekst\/#breadcrumb\"},\"inLanguage\":\"en-GB\",\"potentialAction\":[{\"@type\":\"ReadAction\",\"target\":[\"https:\/\/consilio.no\/design-tekst\/\"]}]},{\"@type\":\"BreadcrumbList\",\"@id\":\"https:\/\/consilio.no\/design-tekst\/#breadcrumb\",\"itemListElement\":[{\"@type\":\"ListItem\",\"position\":1,\"name\":\"Home\",\"item\":\"https:\/\/consilio.no\/\"},{\"@type\":\"ListItem\",\"position\":2,\"name\":\"Design &#038; tekst\"}]},{\"@type\":\"WebSite\",\"@id\":\"https:\/\/consilio.no\/#website\",\"url\":\"https:\/\/consilio.no\/\",\"name\":\"Consilio Kommunikasjon\",\"description\":\"Vi kan kommunikasjon\",\"publisher\":{\"@id\":\"https:\/\/consilio.no\/#organization\"},\"potentialAction\":[{\"@type\":\"SearchAction\",\"target\":{\"@type\":\"EntryPoint\",\"urlTemplate\":\"https:\/\/consilio.no\/?s={search_term_string}\"},\"query-input\":\"required name=search_term_string\"}],\"inLanguage\":\"en-GB\"},{\"@type\":\"Organization\",\"@id\":\"https:\/\/consilio.no\/#organization\",\"name\":\"Consilio Kommunikasjon AS\",\"url\":\"https:\/\/consilio.no\/\",\"logo\":{\"@type\":\"ImageObject\",\"inLanguage\":\"en-GB\",\"@id\":\"https:\/\/consilio.no\/#\/schema\/logo\/image\/\",\"url\":\"https:\/\/consilio.no\/wp-content\/uploads\/2024\/05\/Consilio_logo.png\",\"contentUrl\":\"https:\/\/consilio.no\/wp-content\/uploads\/2024\/05\/Consilio_logo.png\",\"width\":712,\"height\":396,\"caption\":\"Consilio Kommunikasjon AS\"},\"image\":{\"@id\":\"https:\/\/consilio.no\/#\/schema\/logo\/image\/\"},\"sameAs\":[\"https:\/\/www.facebook.com\/consiliokommunikasjon\",\"https:\/\/www.linkedin.com\/company\/consilio-kommunikasjon\/\",\"https:\/\/vimeo.com\/consilio\"]}]}<\/script>\n<!-- \/ Yoast SEO plugin. -->","yoast_head_json":{"title":"Design & tekst - Consilio","description":"Tone of voice og visuell fremtoning er minst like viktig som informasjonen du \u00f8nsker \u00e5 f\u00e5 frem. Effektiv, strategisk kommunikasjon er avhengig av at design og tekst er utformet slik at budskapet fremst\u00e5r troverdig og helhetlig for mottakeren og dermed st\u00f8tter opp om merkevaren din.","robots":{"index":"index","follow":"follow","max-snippet":"max-snippet:-1","max-image-preview":"max-image-preview:large","max-video-preview":"max-video-preview:-1"},"canonical":"https:\/\/consilio.no\/en\/design-tekst\/","og_locale":"en_GB","og_type":"article","og_title":"Design & tekst - Consilio","og_description":"Tone of voice og visuell fremtoning er minst like viktig som informasjonen du \u00f8nsker \u00e5 f\u00e5 frem. Effektiv, strategisk kommunikasjon er avhengig av at design og tekst er utformet slik at budskapet fremst\u00e5r troverdig og helhetlig for mottakeren og dermed st\u00f8tter opp om merkevaren din.","og_url":"https:\/\/consilio.no\/en\/design-tekst\/","og_site_name":"Consilio","article_publisher":"https:\/\/www.facebook.com\/consiliokommunikasjon","article_modified_time":"2024-09-25T07:22:16+00:00","twitter_card":"summary_large_image","twitter_misc":{"Estimated reading time":"3 minutes"},"schema":{"@context":"https:\/\/schema.org","@graph":[{"@type":"WebPage","@id":"https:\/\/consilio.no\/design-tekst\/","url":"https:\/\/consilio.no\/design-tekst\/","name":"Design & tekst - Consilio","isPartOf":{"@id":"https:\/\/consilio.no\/#website"},"datePublished":"2023-10-30T14:11:03+00:00","dateModified":"2024-09-25T07:22:16+00:00","description":"Tone of voice og visuell fremtoning er minst like viktig som informasjonen du \u00f8nsker \u00e5 f\u00e5 frem. Effektiv, strategisk kommunikasjon er avhengig av at design og tekst er utformet slik at budskapet fremst\u00e5r troverdig og helhetlig for mottakeren og dermed st\u00f8tter opp om merkevaren din.","breadcrumb":{"@id":"https:\/\/consilio.no\/design-tekst\/#breadcrumb"},"inLanguage":"en-GB","potentialAction":[{"@type":"ReadAction","target":["https:\/\/consilio.no\/design-tekst\/"]}]},{"@type":"BreadcrumbList","@id":"https:\/\/consilio.no\/design-tekst\/#breadcrumb","itemListElement":[{"@type":"ListItem","position":1,"name":"Home","item":"https:\/\/consilio.no\/"},{"@type":"ListItem","position":2,"name":"Design &#038; tekst"}]},{"@type":"WebSite","@id":"https:\/\/consilio.no\/#website","url":"https:\/\/consilio.no\/","name":"Consilio Kommunikasjon","description":"Vi kan kommunikasjon","publisher":{"@id":"https:\/\/consilio.no\/#organization"},"potentialAction":[{"@type":"SearchAction","target":{"@type":"EntryPoint","urlTemplate":"https:\/\/consilio.no\/?s={search_term_string}"},"query-input":"required name=search_term_string"}],"inLanguage":"en-GB"},{"@type":"Organization","@id":"https:\/\/consilio.no\/#organization","name":"Consilio Kommunikasjon AS","url":"https:\/\/consilio.no\/","logo":{"@type":"ImageObject","inLanguage":"en-GB","@id":"https:\/\/consilio.no\/#\/schema\/logo\/image\/","url":"https:\/\/consilio.no\/wp-content\/uploads\/2024\/05\/Consilio_logo.png","contentUrl":"https:\/\/consilio.no\/wp-content\/uploads\/2024\/05\/Consilio_logo.png","width":712,"height":396,"caption":"Consilio Kommunikasjon AS"},"image":{"@id":"https:\/\/consilio.no\/#\/schema\/logo\/image\/"},"sameAs":["https:\/\/www.facebook.com\/consiliokommunikasjon","https:\/\/www.linkedin.com\/company\/consilio-kommunikasjon\/","https:\/\/vimeo.com\/consilio"]}]}},"_links":{"self":[{"href":"https:\/\/consilio.no\/en\/wp-json\/wp\/v2\/pages\/485","targetHints":{"allow":["GET"]}}],"collection":[{"href":"https:\/\/consilio.no\/en\/wp-json\/wp\/v2\/pages"}],"about":[{"href":"https:\/\/consilio.no\/en\/wp-json\/wp\/v2\/types\/page"}],"author":[{"embeddable":true,"href":"https:\/\/consilio.no\/en\/wp-json\/wp\/v2\/users\/4"}],"replies":[{"embeddable":true,"href":"https:\/\/consilio.no\/en\/wp-json\/wp\/v2\/comments?post=485"}],"version-history":[{"count":32,"href":"https:\/\/consilio.no\/en\/wp-json\/wp\/v2\/pages\/485\/revisions"}],"predecessor-version":[{"id":1275,"href":"https:\/\/consilio.no\/en\/wp-json\/wp\/v2\/pages\/485\/revisions\/1275"}],"wp:attachment":[{"href":"https:\/\/consilio.no\/en\/wp-json\/wp\/v2\/media?parent=485"}],"curies":[{"name":"wp","href":"https:\/\/api.w.org\/{rel}","templated":true}]}}